{"id":276,"date":"2016-06-13T16:03:38","date_gmt":"2016-06-13T14:03:38","guid":{"rendered":"http:\/\/www.peer-shuttle.it\/it\/?page_id=276"},"modified":"2024-11-21T15:31:26","modified_gmt":"2024-11-21T14:31:26","slug":"bike-shuttle","status":"publish","type":"page","link":"https:\/\/www.peer-shuttle.it\/it\/bike-shuttle\/","title":{"rendered":"Bike-Shuttle"},"content":{"rendered":"[vc_row][vc_column]\n<div id=\"rev_slider_3_1_wrapper\" class=\"rev_slider_wrapper fullwidthbanner-container\" data-source=\"gallery\" style=\"margin:0px auto;background:transparent;padding:0px;margin-top:0px;margin-bottom:0px;\">\n<!-- START REVOLUTION SLIDER 5.4.8 fullwidth mode -->\n\t<div id=\"rev_slider_3_1\" class=\"rev_slider fullwidthabanner\" style=\"display:none;\" data-version=\"5.4.8\">\n<ul>\t<!-- SLIDE  -->\n\t<li data-index=\"rs-7\" data-transition=\"fade\" data-slotamount=\"default\" data-hideafterloop=\"0\" data-hideslideonmobile=\"off\"  data-easein=\"default\" data-easeout=\"default\" data-masterspeed=\"300\"  data-thumb=\"https:\/\/www.peer-shuttle.it\/wp-content\/uploads\/taxi-peer-bike-slide1-100x50.jpg\"  data-rotate=\"0\"  data-saveperformance=\"off\"  data-title=\"Slide\" data-param1=\"\" data-param2=\"\" data-param3=\"\" data-param4=\"\" data-param5=\"\" data-param6=\"\" data-param7=\"\" data-param8=\"\" data-param9=\"\" data-param10=\"\" data-description=\"\">\n\t\t<!-- MAIN IMAGE -->\n\t\t<img loading=\"lazy\" decoding=\"async\" src=\"https:\/\/www.peer-shuttle.it\/wp-content\/uploads\/taxi-peer-bike-slide1.jpg\"  alt=\"\" title=\"taxi-peer-bike-slide1\"  width=\"1600\" height=\"800\" data-bgposition=\"center center\" data-bgfit=\"cover\" data-bgrepeat=\"no-repeat\" class=\"rev-slidebg\" data-no-retina>\n\t\t<!-- LAYERS -->\n\t<\/li>\n\t<!-- SLIDE  -->\n\t<li data-index=\"rs-54\" data-transition=\"fade\" data-slotamount=\"default\" data-hideafterloop=\"0\" data-hideslideonmobile=\"off\"  data-easein=\"default\" data-easeout=\"default\" data-masterspeed=\"300\"  data-thumb=\"https:\/\/www.peer-shuttle.it\/wp-content\/uploads\/p1010576-100x50.jpg\"  data-rotate=\"0\"  data-saveperformance=\"off\"  data-title=\"Slide\" data-param1=\"\" data-param2=\"\" data-param3=\"\" data-param4=\"\" data-param5=\"\" data-param6=\"\" data-param7=\"\" data-param8=\"\" data-param9=\"\" data-param10=\"\" data-description=\"\">\n\t\t<!-- MAIN IMAGE -->\n\t\t<img loading=\"lazy\" decoding=\"async\" src=\"https:\/\/www.peer-shuttle.it\/wp-content\/uploads\/p1010576.jpg\"  alt=\"\" title=\"p1010576\"  width=\"1600\" height=\"800\" data-bgposition=\"center center\" data-bgfit=\"cover\" data-bgrepeat=\"no-repeat\" class=\"rev-slidebg\" data-no-retina>\n\t\t<!-- LAYERS -->\n\t<\/li>\n\t<!-- SLIDE  -->\n\t<li data-index=\"rs-5\" data-transition=\"fade\" data-slotamount=\"default\" data-hideafterloop=\"0\" data-hideslideonmobile=\"off\"  data-easein=\"default\" data-easeout=\"default\" data-masterspeed=\"300\"  data-thumb=\"https:\/\/www.peer-shuttle.it\/wp-content\/uploads\/taxi-peer-bike-slide2-100x50.jpg\"  data-rotate=\"0\"  data-saveperformance=\"off\"  data-title=\"Slide\" data-param1=\"\" data-param2=\"\" data-param3=\"\" data-param4=\"\" data-param5=\"\" data-param6=\"\" data-param7=\"\" data-param8=\"\" data-param9=\"\" data-param10=\"\" data-description=\"\">\n\t\t<!-- MAIN IMAGE -->\n\t\t<img loading=\"lazy\" decoding=\"async\" src=\"https:\/\/www.peer-shuttle.it\/wp-content\/uploads\/taxi-peer-bike-slide2.jpg\"  alt=\"\" title=\"taxi-peer-bike-slide2\"  width=\"1600\" height=\"800\" data-bgposition=\"center center\" data-bgfit=\"cover\" data-bgrepeat=\"no-repeat\" class=\"rev-slidebg\" data-no-retina>\n\t\t<!-- LAYERS -->\n\t<\/li>\n<\/ul>\n<script>var htmlDiv = document.getElementById(\"rs-plugin-settings-inline-css\"); var htmlDivCss=\"\";\r\n\t\t\t\t\t\tif(htmlDiv) {\r\n\t\t\t\t\t\t\thtmlDiv.innerHTML = htmlDiv.innerHTML + htmlDivCss;\r\n\t\t\t\t\t\t}else{\r\n\t\t\t\t\t\t\tvar htmlDiv = document.createElement(\"div\");\r\n\t\t\t\t\t\t\thtmlDiv.innerHTML = \"<style>\" + htmlDivCss + \"<\/style>\";\r\n\t\t\t\t\t\t\tdocument.getElementsByTagName(\"head\")[0].appendChild(htmlDiv.childNodes[0]);\r\n\t\t\t\t\t\t}\r\n\t\t\t\t\t<\/script>\n<div class=\"tp-bannertimer tp-bottom\" style=\"visibility: hidden !important;\"><\/div>\t<\/div>\n<script>var htmlDiv = document.getElementById(\"rs-plugin-settings-inline-css\"); var htmlDivCss=\"\";\r\n\t\t\t\tif(htmlDiv) {\r\n\t\t\t\t\thtmlDiv.innerHTML = htmlDiv.innerHTML + htmlDivCss;\r\n\t\t\t\t}else{\r\n\t\t\t\t\tvar htmlDiv = document.createElement(\"div\");\r\n\t\t\t\t\thtmlDiv.innerHTML = \"<style>\" + htmlDivCss + \"<\/style>\";\r\n\t\t\t\t\tdocument.getElementsByTagName(\"head\")[0].appendChild(htmlDiv.childNodes[0]);\r\n\t\t\t\t}\r\n\t\t\t<\/script>\n\t\t<script type=\"text\/javascript\">\r\nif (setREVStartSize!==undefined) setREVStartSize(\r\n\t{c: '#rev_slider_3_1', responsiveLevels: [1240,1024,1024,1024], gridwidth: [1240,1024,1024,1024], gridheight: [550,450,450,450], sliderLayout: 'fullwidth'});\r\n\t\t\t\r\nvar revapi3,\r\n\ttpj;\t\r\n(function() {\t\t\t\r\n\tif (!\/loaded|interactive|complete\/.test(document.readyState)) document.addEventListener(\"DOMContentLoaded\",onLoad); else onLoad();\t\r\n\tfunction onLoad() {\t\t\t\t\r\n\t\tif (tpj===undefined) { tpj = jQuery; if(\"off\" == \"on\") tpj.noConflict();}\r\n\tif(tpj(\"#rev_slider_3_1\").revolution == undefined){\n\t\trevslider_showDoubleJqueryError(\"#rev_slider_3_1\");\n\t}else{\n\t\trevapi3 = tpj(\"#rev_slider_3_1\").show().revolution({\n\t\t\tsliderType:\"standard\",\n\t\t\tjsFileLocation:\"\/\/www.peer-shuttle.it\/wp-content\/plugins\/revslider\/public\/assets\/js\/\",\n\t\t\tsliderLayout:\"fullwidth\",\n\t\t\tdottedOverlay:\"none\",\n\t\t\tdelay:9000,\n\t\t\tnavigation: {\n\t\t\t\tkeyboardNavigation:\"off\",\n\t\t\t\tkeyboard_direction: \"horizontal\",\n\t\t\t\tmouseScrollNavigation:\"off\",\n \t\t\t\t\t\t\tmouseScrollReverse:\"default\",\n\t\t\t\tonHoverStop:\"off\",\n\t\t\t\tarrows: {\n\t\t\t\t\tstyle:\"gyges\",\n\t\t\t\t\tenable:true,\n\t\t\t\t\thide_onmobile:false,\n\t\t\t\t\thide_onleave:false,\n\t\t\t\t\ttmp:'',\n\t\t\t\t\tleft: {\n\t\t\t\t\t\th_align:\"left\",\n\t\t\t\t\t\tv_align:\"center\",\n\t\t\t\t\t\th_offset:20,\n\t\t\t\t\t\tv_offset:0\n\t\t\t\t\t},\n\t\t\t\t\tright: {\n\t\t\t\t\t\th_align:\"right\",\n\t\t\t\t\t\tv_align:\"center\",\n\t\t\t\t\t\th_offset:20,\n\t\t\t\t\t\tv_offset:0\n\t\t\t\t\t}\n\t\t\t\t}\n\t\t\t},\n\t\t\tresponsiveLevels:[1240,1024,1024,1024],\n\t\t\tvisibilityLevels:[1240,1024,1024,1024],\n\t\t\tgridwidth:[1240,1024,1024,1024],\n\t\t\tgridheight:[550,450,450,450],\n\t\t\tlazyType:\"none\",\n\t\t\tshadow:0,\n\t\t\tspinner:\"spinner0\",\n\t\t\tstopLoop:\"off\",\n\t\t\tstopAfterLoops:-1,\n\t\t\tstopAtSlide:-1,\n\t\t\tshuffle:\"off\",\n\t\t\tautoHeight:\"off\",\n\t\t\tdisableProgressBar:\"on\",\n\t\t\thideThumbsOnMobile:\"off\",\n\t\t\thideSliderAtLimit:0,\n\t\t\thideCaptionAtLimit:0,\n\t\t\thideAllCaptionAtLilmit:0,\n\t\t\tdebugMode:false,\n\t\t\tfallbacks: {\n\t\t\t\tsimplifyAll:\"off\",\n\t\t\t\tnextSlideOnWindowFocus:\"off\",\n\t\t\t\tdisableFocusListener:false,\n\t\t\t}\n\t\t});\n\t}; \/* END OF revapi call *\/\n\t\n }; \/* END OF ON LOAD FUNCTION *\/\r\n}()); \/* END OF WRAPPING FUNCTION *\/\r\n<\/script>\r\n\t\t<\/div><!-- END REVOLUTION SLIDER -->[\/vc_column][\/vc_row][mk_page_section bg_color=&#8221;#d4af37&#8243; video_loop=&#8221;false&#8221; video_mask=&#8221;true&#8221; bg_gradient=&#8221;horizontal&#8221; video_color_mask=&#8221;#d4af37&#8243; gr_end=&#8221;#745c0c&#8221; min_height=&#8221;0&#8243; full_width=&#8221;true&#8221; js_vertical_centered=&#8221;true&#8221; padding_top=&#8221;0&#8243; padding_bottom=&#8221;0&#8243; margin_bottom=&#8221;40&#8243; top_shape_color=&#8221;#ffffff&#8221; bottom_shape_color=&#8221;#ffffff&#8221; el_class=&#8221;gelber-balken&#8221; sidebar=&#8221;sidebar-1&#8243;][vc_column][vc_raw_html el_class=&#8221;gelber-balken-text&#8221;]JTNDZGl2JTIwY2xhc3MlM0QlMjJvbmxpbmUtYm9va2luZyUyMiUzRSUwQSUzQ2ElMjBocmVmJTNEJTIyaHR0cHMlM0ElMkYlMkZ3d3cucGVlci1zaHV0dGxlLml0JTJGaXQlMkZwcmVub3RhLW9ubGluZSUyRiUyMiUzRVByZW5vdGElMjBvbmxpbmUlMjElM0MlMkZhJTNFJTBBJTNDJTJGZGl2JTNFJTBBJTNDc3Ryb25nJTNFJTNDYSUyMGhyZWYlM0QlMjJ0ZWwlM0ElMkIzOTM0ODI2ODg4OTklMjIlM0UlMkIzOSUyMDM0OCUyMDI2JTIwODg4JTIwOTklM0MlMkZhJTNFJTNDJTJGc3Ryb25nJTNFJTIwLSUyMCUzQ3N0cm9uZyUzRSUzQ2ElMjBocmVmJTNEJTIybWFpbHRvJTNBaW5mbyU0MHBlZXItc2h1dHRsZS5pdCUyMiUzRWluZm8lNDBwZWVyLXNodXR0bGUuaXQlM0MlMkZhJTNFJTNDJTJGc3Ryb25nJTNFJTIwLSUyMFBFRVIlMjBtb3ZpbmclMjBwZW9wbGUlMjAtJTIwbm9sZWdnaW8lMjBjb24lMjBjb25kdWNlbnRl[\/vc_raw_html][\/vc_column][\/mk_page_section][vc_row][vc_column][mk_fancy_title size=&#8221;44&#8243; force_font_size=&#8221;true&#8221; size_smallscreen=&#8221;42&#8243; size_tablet=&#8221;40&#8243; size_phone=&#8221;26&#8243; margin_top=&#8221;30&#8243; font_family=&#8221;none&#8221; align=&#8221;center&#8221;]Bike-Shuttle[\/mk_fancy_title][vc_column_text align=&#8221;center&#8221;]<strong>Vi trasportiamo con la vostra bicicletta al vostro tour prescelto e vi veniamo anche a riprendere. Avete fatto un&#8217;escursione in bici e siete troppo stanchi per il rientro? Riportiamo a casa in tutta comodit\u00e0 voi e le vostre biciclette.<\/strong><\/p>\n<p>Siamo circondati dai pi\u00f9 bei percorsi ciclistici delle Dolomiti. A iniziare dai classici della <a href=\"http:\/\/www.suedtirol.com\/biken\/radwege\/pustertal\" target=\"_blank\" rel=\"noopener noreferrer\">Val Pusteria<\/a> da Brunico attraverso Dobbiaco e San Candido per arrivare a Lienz, o nella Valle di Cadore fino a Calalzo passando per <a href=\"http:\/\/www.val-pusteria.net\/it\/sport-e-tempo-libero\/bici-e-mountain-bike\/percorsi-mountain-bike\/escursione-in-mtb-da-dobbiaco-a-cortina-dampezzo\/\" target=\"_blank\" rel=\"noopener noreferrer\">Cortina<\/a>, o ancora le varianti un po&#8217; pi\u00f9 impegnative lungo il tragitto della ormai leggendaria <a href=\"http:\/\/www.dolomitisuperbike.com\/\" target=\"_blank\" rel=\"noopener noreferrer\">Dolomiti Superbike<\/a> o addirittura dello <a href=\"http:\/\/www.stoneman.it\/\" target=\"_blank\" rel=\"noopener noreferrer\">Stoneman<\/a>&#8230; ce n&#8217;\u00e8 veramente per tutti!<\/p>\n<p>Tanto bella ed eccitante \u00e8 l&#8217;andata quanto a volte pu\u00f2 essere faticoso e lungo il ritorno, oppure \u00e8 gi\u00e0 il percorso che porta alla meta a essere semplicemente troppo lungo.<br \/>\nIn entrambi i casi siamo qui per voi!<br \/>\nPer portare voi e le vostre bici alla meta desiderata.<br \/>\nPer i gruppi piccoli fino a 4 persone trasportiamo le bici sul portabici posteriore agganciato al gancio di traino del minibus <strong>(E-Bikes max. 2)<\/strong>.<br \/>\nPer i gruppi pi\u00f9 grandi utilizziamo i nostri <strong>nuovissimi carrelli rimorchi per biciclette<\/strong>, sui quali possiamo caricare <strong>fino a 8<\/strong> o fino a <strong>16 bici di qualsiasi tipo (anche e-bike).<\/strong> Grazie al <strong>singolo alloggiamento<\/strong> per ogni bici e la struttura centinata il trasporto avviene in modo particolarmente sicuro e protetto.<br \/>\nCi piace dare il nostro contributo affinch\u00e9 il vostro tour in bici sia un&#8217;esperienza di puro divertimento e piacere.[\/vc_column_text][mk_gallery images=&#8221;174,175,419&#8243; image_size=&#8221;medium&#8221; orderby=&#8221;post__in&#8221;][\/vc_column][\/vc_row][vc_row][vc_column][mk_padding_divider size=&#8221;80&#8243;][\/vc_column][\/vc_row]\n","protected":false},"excerpt":{"rendered":"<p>[vc_row][vc_column][\/vc_column][\/vc_row][mk_page_section bg_color=&#8221;#d4af37&#8243; video_loop=&#8221;false&#8221; video_mask=&#8221;true&#8221; bg_gradient=&#8221;horizontal&#8221; video_color_mask=&#8221;#d4af37&#8243; gr_end=&#8221;#745c0c&#8221; min_height=&#8221;0&#8243; full_width=&#8221;true&#8221; js_vertical_centered=&#8221;true&#8221; padding_top=&#8221;0&#8243; padding_bottom=&#8221;0&#8243; margin_bottom=&#8221;40&#8243; top_shape_color=&#8221;#ffffff&#8221; bottom_shape_color=&#8221;#ffffff&#8221; el_class=&#8221;gelber-balken&#8221; sidebar=&#8221;sidebar-1&#8243;][vc_column][vc_raw_html el_class=&#8221;gelber-balken-text&#8221;]JTNDZGl2JTIwY2xhc3MlM0QlMjJvbmxpbmUtYm9va2luZyUyMiUzRSUwQSUzQ2ElMjBocmVmJTNEJTIyaHR0cHMlM0ElMkYlMkZ3d3cucGVlci1zaHV0dGxlLml0JTJGaXQlMkZwcmVub3RhLW9ubGluZSUyRiUyMiUzRVByZW5vdGElMjBvbmxpbmUlMjElM0MlMkZhJTNFJTBBJTNDJTJGZGl2JTNFJTBBJTNDc3Ryb25nJTNFJTNDYSUyMGhyZWYlM0QlMjJ0ZWwlM0ElMkIzOTM0ODI2ODg4OTklMjIlM0UlMkIzOSUyMDM0OCUyMDI2JTIwODg4JTIwOTklM0MlMkZhJTNFJTNDJTJGc3Ryb25nJTNFJTIwLSUyMCUzQ3N0cm9uZyUzRSUzQ2ElMjBocmVmJTNEJTIybWFpbHRvJTNBaW5mbyU0MHBlZXItc2h1dHRsZS5pdCUyMiUzRWluZm8lNDBwZWVyLXNodXR0bGUuaXQlM0MlMkZhJTNFJTNDJTJGc3Ryb25nJTNFJTIwLSUyMFBFRVIlMjBtb3ZpbmclMjBwZW9wbGUlMjAtJTIwbm9sZWdnaW8lMjBjb24lMjBjb25kdWNlbnRl[\/vc_raw_html][\/vc_column][\/mk_page_section][vc_row][vc_column][mk_fancy_title size=&#8221;44&#8243; force_font_size=&#8221;true&#8221; size_smallscreen=&#8221;42&#8243; size_tablet=&#8221;40&#8243; size_phone=&#8221;26&#8243; margin_top=&#8221;30&#8243; font_family=&#8221;none&#8221; align=&#8221;center&#8221;]Bike-Shuttle[\/mk_fancy_title][vc_column_text align=&#8221;center&#8221;]Vi trasportiamo con la vostra bicicletta al vostro tour prescelto e vi veniamo anche a riprendere. Avete fatto un&#8217;escursione in bici e siete troppo stanchi per il rientro? Riportiamo [&hellip;]<\/p>\n","protected":false},"author":1,"featured_media":0,"parent":0,"menu_order":0,"comment_status":"closed","ping_status":"closed","template":"","meta":{"footnotes":""},"class_list":["post-276","page","type-page","status-publish","hentry"],"_links":{"self":[{"href":"https:\/\/www.peer-shuttle.it\/it\/wp-json\/wp\/v2\/pages\/276","targetHints":{"allow":["GET"]}}],"collection":[{"href":"https:\/\/www.peer-shuttle.it\/it\/wp-json\/wp\/v2\/pages"}],"about":[{"href":"https:\/\/www.peer-shuttle.it\/it\/wp-json\/wp\/v2\/types\/page"}],"author":[{"embeddable":true,"href":"https:\/\/www.peer-shuttle.it\/it\/wp-json\/wp\/v2\/users\/1"}],"replies":[{"embeddable":true,"href":"https:\/\/www.peer-shuttle.it\/it\/wp-json\/wp\/v2\/comments?post=276"}],"version-history":[{"count":5,"href":"https:\/\/www.peer-shuttle.it\/it\/wp-json\/wp\/v2\/pages\/276\/revisions"}],"predecessor-version":[{"id":1053,"href":"https:\/\/www.peer-shuttle.it\/it\/wp-json\/wp\/v2\/pages\/276\/revisions\/1053"}],"wp:attachment":[{"href":"https:\/\/www.peer-shuttle.it\/it\/wp-json\/wp\/v2\/media?parent=276"}],"curies":[{"name":"wp","href":"https:\/\/api.w.org\/{rel}","templated":true}]}}